{"id":272,"date":"2022-09-15T14:39:05","date_gmt":"2022-09-15T12:39:05","guid":{"rendered":"https:\/\/www.miclis.no\/?page_id=272"},"modified":"2022-09-15T14:46:19","modified_gmt":"2022-09-15T12:46:19","slug":"272-2","status":"publish","type":"page","link":"https:\/\/www.miclis.no\/?page_id=272","title":{"rendered":"MLx"},"content":{"rendered":"\n[et_pb_section fb_built=&raquo;1&#8243; admin_label=&raquo;Hero&raquo; _builder_version=&raquo;4.16&#8243; background_color=&raquo;#084666&#8243; background_image=&raquo;https:\/\/www.miclis.no\/wp-content\/uploads\/2022\/09\/Accountant-Image-33.jpg&raquo; background_blend=&raquo;multiply&raquo; custom_padding=&raquo;|||&raquo; global_colors_info=&raquo;{}&raquo; theme_builder_area=&raquo;post_content&raquo;][et_pb_row _builder_version=&raquo;4.16&#8243; background_size=&raquo;initial&raquo; background_position=&raquo;top_left&raquo; background_repeat=&raquo;repeat&raquo; custom_padding=&raquo;27px|0px|27px|0px|false|false&raquo; global_colors_info=&raquo;{}&raquo; theme_builder_area=&raquo;post_content&raquo;][et_pb_column type=&raquo;4_4&#8243; _builder_version=&raquo;4.16&#8243; custom_padding=&raquo;|||&raquo; global_colors_info=&raquo;{}&raquo; custom_padding__hover=&raquo;|||&raquo; theme_builder_area=&raquo;post_content&raquo;][et_pb_text _builder_version=&raquo;4.16&#8243; text_font=&raquo;||||||||&raquo; text_font_size=&raquo;20px&raquo; text_line_height=&raquo;1.8em&raquo; header_font=&raquo;Open Sans|800|||||||&raquo; header_font_size=&raquo;60px&raquo; header_line_height=&raquo;1.3em&raquo; background_size=&raquo;initial&raquo; background_position=&raquo;top_left&raquo; background_repeat=&raquo;repeat&raquo; background_layout=&raquo;dark&raquo; max_width=&raquo;600px&raquo; custom_margin=&raquo;|||&raquo; custom_margin_tablet=&raquo;|100px||&raquo; custom_margin_phone=&raquo;|30px||&raquo; custom_margin_last_edited=&raquo;off|desktop&raquo; header_font_size_tablet=&raquo;50px&raquo; header_font_size_phone=&raquo;40px&raquo; header_font_size_last_edited=&raquo;on|phone&raquo; header_line_height_tablet=&raquo;&raquo; header_line_height_phone=&raquo;&raquo; header_line_height_last_edited=&raquo;on|desktop&raquo; global_colors_info=&raquo;{}&raquo; theme_builder_area=&raquo;post_content&raquo;]<h1>MLx<\/h1>\n<p><span>Spesielt designet for \u00e5 ivareta kompleksiteten i mikrobiologiske sykehuslaboratorier med bakteriologi, serologi og virologi.<\/span><\/p>[\/et_pb_text][\/et_pb_column][\/et_pb_row][\/et_pb_section][et_pb_section fb_built=&raquo;1&#8243; admin_label=&raquo;Resources&raquo; _builder_version=&raquo;4.16&#8243; global_colors_info=&raquo;{}&raquo; theme_builder_area=&raquo;post_content&raquo; min_height=&raquo;214.7px&raquo;][et_pb_row _builder_version=&raquo;4.16&#8243; custom_padding=&raquo;27px|0px|27px|0|false|false&raquo; global_colors_info=&raquo;{}&raquo; theme_builder_area=&raquo;post_content&raquo;][et_pb_column type=&raquo;4_4&#8243; _builder_version=&raquo;4.16&#8243; custom_padding=&raquo;|||&raquo; global_colors_info=&raquo;{}&raquo; custom_padding__hover=&raquo;|||&raquo; theme_builder_area=&raquo;post_content&raquo;][et_pb_text _builder_version=&raquo;4.18.0&#8243; header_font=&raquo;||||||||&raquo; header_2_font=&raquo;||||||||&raquo; header_3_font=&raquo;||||||||&raquo; header_4_font=&raquo;Montserrat|700||on|||||&raquo; header_4_text_color=&raquo;#a2aab2&#8243; header_4_font_size=&raquo;15px&raquo; header_4_letter_spacing=&raquo;2px&raquo; header_4_line_height=&raquo;1.6em&raquo; max_width=&raquo;520px&raquo; max_width_tablet=&raquo;700px&raquo; max_width_phone=&raquo;700px&raquo; max_width_last_edited=&raquo;off|desktop&raquo; custom_margin=&raquo;|||&raquo; custom_margin_tablet=&raquo;|0px||&raquo; custom_margin_phone=&raquo;|0px||&raquo; custom_margin_last_edited=&raquo;off|desktop&raquo; hover_enabled=&raquo;0&#8243; header_2_font_size_tablet=&raquo;30px&raquo; header_2_font_size_last_edited=&raquo;off|desktop&raquo; locked=&raquo;off&raquo; global_colors_info=&raquo;{}&raquo; theme_builder_area=&raquo;post_content&raquo; sticky_enabled=&raquo;0&#8243;]<h4>Et <span>moderne laboratoriesystem<\/span><\/h4>[\/et_pb_text][et_pb_text _builder_version=&raquo;4.16&#8243; text_font=&raquo;||||||||&raquo; text_font_size=&raquo;16px&raquo; text_line_height=&raquo;2em&raquo; header_font=&raquo;||||||||&raquo; header_2_font=&raquo;Montserrat|800|||||||&raquo; header_2_font_size=&raquo;30px&raquo; header_2_line_height=&raquo;1.5em&raquo; header_3_font=&raquo;||||||||&raquo; header_4_font=&raquo;||||||||&raquo; max_width=&raquo;520px&raquo; max_width_tablet=&raquo;700px&raquo; max_width_phone=&raquo;700px&raquo; max_width_last_edited=&raquo;off|desktop&raquo; custom_margin=&raquo;|||&raquo; custom_margin_tablet=&raquo;|0px||&raquo; custom_margin_phone=&raquo;|0px||&raquo; custom_margin_last_edited=&raquo;off|desktop&raquo; custom_padding=&raquo;20px|||&raquo; header_2_font_size_tablet=&raquo;30px&raquo; header_2_font_size_phone=&raquo;20px&raquo; header_2_font_size_last_edited=&raquo;on|phone&raquo; border_color_all=&raquo;#12eaa6&#8243; border_width_top=&raquo;2px&raquo; locked=&raquo;off&raquo; global_colors_info=&raquo;{}&raquo; theme_builder_area=&raquo;post_content&raquo;]<h2>Dette er MLx<\/h2>[\/et_pb_text][\/et_pb_column][\/et_pb_row][\/et_pb_section][et_pb_section fb_built=&raquo;1&#8243; theme_builder_area=&raquo;post_content&raquo; _builder_version=&raquo;4.18.0&#8243; _module_preset=&raquo;default&raquo;][et_pb_row _builder_version=&raquo;4.18.0&#8243; _module_preset=&raquo;default&raquo; theme_builder_area=&raquo;post_content&raquo; custom_margin=&raquo;-122px|auto||auto||&raquo;][et_pb_column _builder_version=&raquo;4.18.0&#8243; _module_preset=&raquo;default&raquo; type=&raquo;4_4&#8243; theme_builder_area=&raquo;post_content&raquo;][et_pb_text _builder_version=&raquo;4.18.0&#8243; _module_preset=&raquo;default&raquo; theme_builder_area=&raquo;post_content&raquo; hover_enabled=&raquo;0&#8243; sticky_enabled=&raquo;0&#8243;]<p>Miclis\/PC MLx laboratoriesystem er et moderne laboratoriesystem for medisinske laboratorier. Det er spesielt designet for \u00e5 ivareta kompleksiteten i mikrobiologiske sykehuslaboratorier med bakteriologi, serologi og virologi, men kan ogs\u00e5 brukes til biokjemi.<\/p>\n<p>MLx versjon 5.x bygger p\u00e5 tidligere versjoner med et effektivt brukergrensesnitt.\u00a0 Miclis MLx f\u00f8lger KITH XML standard for rekvisisjon og svar, og sender ogs\u00e5 med PDF versjon av svar slik det er godkjent i laboratoriet. Systemet har grensesnitt mot alle aktuelle instrumenter. Det har web-grensesnitt for EPJ slik at rekvirenter kan se status p\u00e5 pr\u00f8ver under arbeid og se p\u00e5 historikken for en gitt pasient. MLx leveres med en egen statistikkpakke og kan eksportere data til WHONET og EARSS. Det er ogs\u00e5 utviklet web-service for lesing av elektroniske rekvisisjoner IHR og oppdateringer fra Norsk Helsenetts felles rekvirentregister FRESH. For brukere av tidligere versjoner er hele historikken overf\u00f8rt til ny SQL database.<\/p>[\/et_pb_text][\/et_pb_column][\/et_pb_row][\/et_pb_section][et_pb_section fb_built=&raquo;1&#8243; fullwidth=&raquo;on&raquo; theme_builder_area=&raquo;post_content&raquo; _builder_version=&raquo;4.18.0&#8243; _module_preset=&raquo;default&raquo;][\/et_pb_section][et_pb_section fb_built=&raquo;1&#8243; use_custom_gutter=&raquo;on&raquo; gutter_width=&raquo;1&#8243; specialty=&raquo;on&raquo; background_color_1=&raquo;#4e7c97&#8243; bg_img_1=&raquo;https:\/\/www.miclis.no\/wp-content\/uploads\/2022\/09\/Accountant-Image-39.png&raquo; use_background_color_gradient_1=&raquo;off&raquo; background_color_gradient_stops_1=&raquo;#f6f8fa 0%|#00324e 70%&raquo; background_color_gradient_start_1=&raquo;#f6f8fa&raquo; background_color_gradient_end_1=&raquo;#00324e&raquo; background_color_gradient_end_position_1=&raquo;70%&raquo; padding_top_1=&raquo;80px&raquo; padding_right_1=&raquo;6%&raquo; padding_bottom_1=&raquo;80px&raquo; padding_left_1=&raquo;6%&raquo; padding_left_2=&raquo;30px&raquo; padding_top_bottom_link_1=&raquo;true&raquo; padding_left_right_link_1=&raquo;true&raquo; padding_2_tablet=&raquo;|||0px&raquo; padding_2_phone=&raquo;&raquo; padding_2_last_edited=&raquo;on|desktop&raquo; admin_label=&raquo;Contact&raquo; module_class=&raquo; et_pb_specialty_fullwidth&raquo; _builder_version=&raquo;4.16&#8243; background_color=&raquo;#f6f8fa&raquo; inner_width=&raquo;100%&raquo; inner_width_tablet=&raquo;100%&raquo; inner_width_phone=&raquo;100%&raquo; inner_width_last_edited=&raquo;on|desktop&raquo; inner_max_width=&raquo;100%&raquo; inner_max_width_tablet=&raquo;100%&raquo; inner_max_width_phone=&raquo;100%&raquo; inner_max_width_last_edited=&raquo;on|desktop&raquo; custom_margin=&raquo;|||&raquo; custom_padding=&raquo;0|0px|0|0px|false|false&raquo; make_fullwidth=&raquo;on&raquo; locked=&raquo;off&raquo; global_colors_info=&raquo;{}&raquo; theme_builder_area=&raquo;post_content&raquo;][et_pb_column type=&raquo;1_2&#8243; _builder_version=&raquo;4.16&#8243; background_color=&raquo;#4e7c97&#8243; background_color_gradient_start=&raquo;#f6f8fa&raquo; background_color_gradient_end=&raquo;#00324e&raquo; background_color_gradient_end_position=&raquo;70%&raquo; custom_padding=&raquo;|||&raquo; global_colors_info=&raquo;{}&raquo; custom_padding__hover=&raquo;|||&raquo; theme_builder_area=&raquo;post_content&raquo;][et_pb_text _builder_version=&raquo;4.16&#8243; text_font=&raquo;||||||||&raquo; text_font_size=&raquo;16px&raquo; text_line_height=&raquo;2em&raquo; quote_font=&raquo;||||||||&raquo; header_font=&raquo;||||||||&raquo; header_2_font=&raquo;Montserrat|800|||||||&raquo; header_2_font_size=&raquo;30px&raquo; header_2_line_height=&raquo;1.5em&raquo; header_3_font=&raquo;||||||||&raquo; header_4_font=&raquo;||||||||&raquo; background_layout=&raquo;dark&raquo; custom_margin=&raquo;||50px|&raquo; custom_padding=&raquo;|||&raquo; custom_padding_tablet=&raquo;|||&raquo; custom_padding_last_edited=&raquo;off|desktop&raquo; header_2_font_size_tablet=&raquo;30px&raquo; header_2_font_size_phone=&raquo;20px&raquo; header_2_font_size_last_edited=&raquo;on|phone&raquo; border_radii=&raquo;||10px|10px|&raquo; locked=&raquo;off&raquo; global_colors_info=&raquo;{}&raquo; theme_builder_area=&raquo;post_content&raquo;]<h2>Kontakt oss<\/h2>\n<p>Ta kontakt om du trenger hjelp!<\/p>[\/et_pb_text][et_pb_blurb title=&raquo;miclis@miclis.no&raquo; use_icon=&raquo;on&raquo; font_icon=&raquo;&#xe076;||divi||400&#8243; icon_color=&raquo;#ffffff&raquo; icon_placement=&raquo;left&raquo; image_icon_width=&raquo;20px&raquo; content_max_width=&raquo;1100px&raquo; _builder_version=&raquo;4.18.0&#8243; header_font=&raquo;Montserrat|500|||||||&raquo; header_font_size=&raquo;16px&raquo; header_line_height=&raquo;1.5em&raquo; body_font=&raquo;||||||||&raquo; body_font_size=&raquo;16px&raquo; body_line_height=&raquo;2em&raquo; background_layout=&raquo;dark&raquo; custom_margin=&raquo;||20px|&raquo; custom_margin_tablet=&raquo;|||&raquo; custom_margin_phone=&raquo;|||0px&raquo; custom_margin_last_edited=&raquo;off|desktop&raquo; animation=&raquo;off&raquo; icon_font_size=&raquo;20px&raquo; locked=&raquo;off&raquo; global_colors_info=&raquo;{}&raquo; theme_builder_area=&raquo;post_content&raquo;][\/et_pb_blurb][et_pb_blurb title=&raquo;(0047) 416 33 734&#8243; use_icon=&raquo;on&raquo; font_icon=&raquo;&#xe090;||divi||400&#8243; icon_color=&raquo;#ffffff&raquo; icon_placement=&raquo;left&raquo; image_icon_width=&raquo;20px&raquo; content_max_width=&raquo;1100px&raquo; _builder_version=&raquo;4.18.0&#8243; header_font=&raquo;Montserrat|500|||||||&raquo; header_font_size=&raquo;16px&raquo; header_line_height=&raquo;1.5em&raquo; body_font=&raquo;||||||||&raquo; body_font_size=&raquo;16px&raquo; body_line_height=&raquo;2em&raquo; background_layout=&raquo;dark&raquo; custom_margin=&raquo;||20px|&raquo; custom_margin_tablet=&raquo;|||&raquo; custom_margin_phone=&raquo;|||0px&raquo; custom_margin_last_edited=&raquo;off|desktop&raquo; animation=&raquo;off&raquo; icon_font_size=&raquo;20px&raquo; locked=&raquo;off&raquo; global_colors_info=&raquo;{}&raquo; theme_builder_area=&raquo;post_content&raquo;][\/et_pb_blurb][et_pb_blurb title=&raquo;Bj\u00f8rnstjerne Bj\u00f8rnsonsgate 4, 2609 LILLEHAMMER&raquo; use_icon=&raquo;on&raquo; font_icon=&raquo;&#xe081;||divi||400&#8243; icon_color=&raquo;#ffffff&raquo; icon_placement=&raquo;left&raquo; image_icon_width=&raquo;20px&raquo; content_max_width=&raquo;1100px&raquo; _builder_version=&raquo;4.18.0&#8243; header_font=&raquo;Montserrat|500|||||||&raquo; header_font_size=&raquo;16px&raquo; header_line_height=&raquo;1.5em&raquo; body_font=&raquo;||||||||&raquo; body_font_size=&raquo;16px&raquo; body_line_height=&raquo;2em&raquo; background_layout=&raquo;dark&raquo; custom_margin=&raquo;||20px|&raquo; custom_margin_tablet=&raquo;|||&raquo; custom_margin_phone=&raquo;|||0px&raquo; custom_margin_last_edited=&raquo;off|desktop&raquo; animation=&raquo;off&raquo; icon_font_size=&raquo;20px&raquo; locked=&raquo;off&raquo; global_colors_info=&raquo;{}&raquo; theme_builder_area=&raquo;post_content&raquo;][\/et_pb_blurb][et_pb_blurb title=&raquo;V\u00e5rkontortid er mandag til fredag 09:00 til 16:30&#8243; use_icon=&raquo;on&raquo; font_icon=&raquo;&#xe06b;||divi||400&#8243; icon_color=&raquo;#ffffff&raquo; icon_placement=&raquo;left&raquo; image_icon_width=&raquo;20px&raquo; content_max_width=&raquo;1100px&raquo; _builder_version=&raquo;4.18.0&#8243; header_font=&raquo;Montserrat|500|||||||&raquo; header_font_size=&raquo;16px&raquo; header_line_height=&raquo;1.5em&raquo; body_font=&raquo;||||||||&raquo; body_font_size=&raquo;16px&raquo; body_line_height=&raquo;2em&raquo; background_layout=&raquo;dark&raquo; custom_margin=&raquo;||20px|&raquo; custom_margin_tablet=&raquo;|||&raquo; custom_margin_phone=&raquo;|||0px&raquo; custom_margin_last_edited=&raquo;off|desktop&raquo; animation=&raquo;off&raquo; icon_font_size=&raquo;20px&raquo; locked=&raquo;off&raquo; global_colors_info=&raquo;{}&raquo; theme_builder_area=&raquo;post_content&raquo;][\/et_pb_blurb][\/et_pb_column][et_pb_column type=&raquo;1_2&#8243; specialty_columns=&raquo;2&#8243; _builder_version=&raquo;4.16&#8243; custom_padding=&raquo;|||&raquo; global_colors_info=&raquo;{}&raquo; padding_tablet=&raquo;|||0px&raquo; padding_last_edited=&raquo;on|desktop&raquo; custom_padding__hover=&raquo;|||&raquo; padding_phone=&raquo;|||0px&raquo; theme_builder_area=&raquo;post_content&raquo;][et_pb_row_inner use_custom_gutter=&raquo;on&raquo; _builder_version=&raquo;4.16&#8243; background_color=&raquo;#084666&#8243; background_blend=&raquo;multiply&raquo; custom_margin=&raquo;-60px|||&raquo; custom_margin_tablet=&raquo;0px|||&raquo; custom_margin_phone=&raquo;&raquo; custom_margin_last_edited=&raquo;on|tablet&raquo; custom_padding=&raquo;80px|10%|80px|10%|true|true&raquo; global_colors_info=&raquo;{}&raquo; theme_builder_area=&raquo;post_content&raquo;][et_pb_column_inner saved_specialty_column_type=&raquo;1_2&#8243; _builder_version=&raquo;4.16&#8243; custom_padding=&raquo;|||&raquo; global_colors_info=&raquo;{}&raquo; custom_padding__hover=&raquo;|||&raquo; theme_builder_area=&raquo;post_content&raquo;][et_pb_contact_form captcha=&raquo;off&raquo; module_id=&raquo;et_pb_contact_form_0&#8243; _builder_version=&raquo;4.18.0&#8243; form_field_background_color=&raquo;rgba(0,0,0,0)&raquo; form_field_text_color=&raquo;#ffffff&raquo; form_field_focus_background_color=&raquo;#FFFFFF&raquo; form_field_focus_text_color=&raquo;#000000&#8243; title_font=&raquo;||||||||&raquo; form_field_font=&raquo;Open Sans||||||||&raquo; form_field_font_size=&raquo;15px&raquo; form_field_line_height=&raquo;2em&raquo; custom_button=&raquo;on&raquo; button_text_size=&raquo;15px&raquo; button_text_color=&raquo;#ffffff&raquo; button_bg_color=&raquo;#12eaa6&#8243; button_border_width=&raquo;10px&raquo; button_border_color=&raquo;rgba(0,0,0,0)&raquo; button_border_radius=&raquo;0px&raquo; button_letter_spacing=&raquo;2px&raquo; button_font=&raquo;Open Sans|700||on|||||&raquo; button_use_icon=&raquo;off&raquo; custom_margin=&raquo;|||&raquo; custom_margin_tablet=&raquo;|||0px&raquo; custom_margin_phone=&raquo;|||0px&raquo; custom_margin_last_edited=&raquo;off|desktop&raquo; custom_padding=&raquo;|||&raquo; custom_padding_tablet=&raquo;|40px||&raquo; custom_padding_phone=&raquo;|40px||&raquo; custom_padding_last_edited=&raquo;off|desktop&raquo; border_radii=&raquo;on|2px|2px|2px|2px&raquo; border_width_all=&raquo;2px&raquo; border_color_all=&raquo;rgba(255,255,255,0.3)&raquo; form_background_color=&raquo;rgba(0,0,0,0)&raquo; locked=&raquo;off&raquo; global_colors_info=&raquo;{}&raquo; theme_builder_area=&raquo;post_content&raquo;][et_pb_contact_field field_id=&raquo;Name&raquo; field_title=&raquo;Navn&raquo; _builder_version=&raquo;4.18.0&#8243; custom_margin=&raquo;||30px|&raquo; custom_padding=&raquo;|||&raquo; global_colors_info=&raquo;{}&raquo; button_text_size__hover_enabled=&raquo;off&raquo; button_one_text_size__hover_enabled=&raquo;off&raquo; button_two_text_size__hover_enabled=&raquo;off&raquo; button_text_color__hover_enabled=&raquo;off&raquo; button_one_text_color__hover_enabled=&raquo;off&raquo; button_two_text_color__hover_enabled=&raquo;off&raquo; button_border_width__hover_enabled=&raquo;off&raquo; button_one_border_width__hover_enabled=&raquo;off&raquo; button_two_border_width__hover_enabled=&raquo;off&raquo; button_border_color__hover_enabled=&raquo;off&raquo; button_one_border_color__hover_enabled=&raquo;off&raquo; button_two_border_color__hover_enabled=&raquo;off&raquo; button_border_radius__hover_enabled=&raquo;off&raquo; button_one_border_radius__hover_enabled=&raquo;off&raquo; button_two_border_radius__hover_enabled=&raquo;off&raquo; button_letter_spacing__hover_enabled=&raquo;off&raquo; button_one_letter_spacing__hover_enabled=&raquo;off&raquo; button_two_letter_spacing__hover_enabled=&raquo;off&raquo; button_bg_color__hover_enabled=&raquo;off&raquo; button_one_bg_color__hover_enabled=&raquo;off&raquo; button_two_bg_color__hover_enabled=&raquo;off&raquo; theme_builder_area=&raquo;post_content&raquo;][\/et_pb_contact_field][et_pb_contact_field field_id=&raquo;Email&raquo; field_title=&raquo;Emailadresse&raquo; field_type=&raquo;email&raquo; _builder_version=&raquo;4.18.0&#8243; custom_margin=&raquo;||30px|&raquo; custom_padding=&raquo;|||&raquo; global_colors_info=&raquo;{}&raquo; button_text_size__hover_enabled=&raquo;off&raquo; button_one_text_size__hover_enabled=&raquo;off&raquo; button_two_text_size__hover_enabled=&raquo;off&raquo; button_text_color__hover_enabled=&raquo;off&raquo; button_one_text_color__hover_enabled=&raquo;off&raquo; button_two_text_color__hover_enabled=&raquo;off&raquo; button_border_width__hover_enabled=&raquo;off&raquo; button_one_border_width__hover_enabled=&raquo;off&raquo; button_two_border_width__hover_enabled=&raquo;off&raquo; button_border_color__hover_enabled=&raquo;off&raquo; button_one_border_color__hover_enabled=&raquo;off&raquo; button_two_border_color__hover_enabled=&raquo;off&raquo; button_border_radius__hover_enabled=&raquo;off&raquo; button_one_border_radius__hover_enabled=&raquo;off&raquo; button_two_border_radius__hover_enabled=&raquo;off&raquo; button_letter_spacing__hover_enabled=&raquo;off&raquo; button_one_letter_spacing__hover_enabled=&raquo;off&raquo; button_two_letter_spacing__hover_enabled=&raquo;off&raquo; button_bg_color__hover_enabled=&raquo;off&raquo; button_one_bg_color__hover_enabled=&raquo;off&raquo; button_two_bg_color__hover_enabled=&raquo;off&raquo; theme_builder_area=&raquo;post_content&raquo;][\/et_pb_contact_field][et_pb_contact_field field_id=&raquo;Company&raquo; field_title=&raquo;Selskap&raquo; fullwidth_field=&raquo;on&raquo; _builder_version=&raquo;4.18.0&#8243; custom_margin=&raquo;||30px|&raquo; custom_padding=&raquo;|||&raquo; global_colors_info=&raquo;{}&raquo; button_text_size__hover_enabled=&raquo;off&raquo; button_one_text_size__hover_enabled=&raquo;off&raquo; button_two_text_size__hover_enabled=&raquo;off&raquo; button_text_color__hover_enabled=&raquo;off&raquo; button_one_text_color__hover_enabled=&raquo;off&raquo; button_two_text_color__hover_enabled=&raquo;off&raquo; button_border_width__hover_enabled=&raquo;off&raquo; button_one_border_width__hover_enabled=&raquo;off&raquo; button_two_border_width__hover_enabled=&raquo;off&raquo; button_border_color__hover_enabled=&raquo;off&raquo; button_one_border_color__hover_enabled=&raquo;off&raquo; button_two_border_color__hover_enabled=&raquo;off&raquo; button_border_radius__hover_enabled=&raquo;off&raquo; button_one_border_radius__hover_enabled=&raquo;off&raquo; button_two_border_radius__hover_enabled=&raquo;off&raquo; button_letter_spacing__hover_enabled=&raquo;off&raquo; button_one_letter_spacing__hover_enabled=&raquo;off&raquo; button_two_letter_spacing__hover_enabled=&raquo;off&raquo; button_bg_color__hover_enabled=&raquo;off&raquo; button_one_bg_color__hover_enabled=&raquo;off&raquo; button_two_bg_color__hover_enabled=&raquo;off&raquo; theme_builder_area=&raquo;post_content&raquo;][\/et_pb_contact_field][et_pb_contact_field field_id=&raquo;Subject&raquo; field_title=&raquo;Emne&raquo; fullwidth_field=&raquo;on&raquo; _builder_version=&raquo;4.18.0&#8243; custom_margin=&raquo;||30px|&raquo; custom_padding=&raquo;|||&raquo; global_colors_info=&raquo;{}&raquo; button_text_size__hover_enabled=&raquo;off&raquo; button_one_text_size__hover_enabled=&raquo;off&raquo; button_two_text_size__hover_enabled=&raquo;off&raquo; button_text_color__hover_enabled=&raquo;off&raquo; button_one_text_color__hover_enabled=&raquo;off&raquo; button_two_text_color__hover_enabled=&raquo;off&raquo; button_border_width__hover_enabled=&raquo;off&raquo; button_one_border_width__hover_enabled=&raquo;off&raquo; button_two_border_width__hover_enabled=&raquo;off&raquo; button_border_color__hover_enabled=&raquo;off&raquo; button_one_border_color__hover_enabled=&raquo;off&raquo; button_two_border_color__hover_enabled=&raquo;off&raquo; button_border_radius__hover_enabled=&raquo;off&raquo; button_one_border_radius__hover_enabled=&raquo;off&raquo; button_two_border_radius__hover_enabled=&raquo;off&raquo; button_letter_spacing__hover_enabled=&raquo;off&raquo; button_one_letter_spacing__hover_enabled=&raquo;off&raquo; button_two_letter_spacing__hover_enabled=&raquo;off&raquo; button_bg_color__hover_enabled=&raquo;off&raquo; button_one_bg_color__hover_enabled=&raquo;off&raquo; button_two_bg_color__hover_enabled=&raquo;off&raquo; theme_builder_area=&raquo;post_content&raquo;][\/et_pb_contact_field][et_pb_contact_field field_id=&raquo;Message&raquo; field_title=&raquo;Melding&raquo; field_type=&raquo;text&raquo; fullwidth_field=&raquo;on&raquo; _builder_version=&raquo;4.18.0&#8243; custom_margin=&raquo;||30px|&raquo; global_colors_info=&raquo;{}&raquo; button_text_size__hover_enabled=&raquo;off&raquo; button_one_text_size__hover_enabled=&raquo;off&raquo; button_two_text_size__hover_enabled=&raquo;off&raquo; button_text_color__hover_enabled=&raquo;off&raquo; button_one_text_color__hover_enabled=&raquo;off&raquo; button_two_text_color__hover_enabled=&raquo;off&raquo; button_border_width__hover_enabled=&raquo;off&raquo; button_one_border_width__hover_enabled=&raquo;off&raquo; button_two_border_width__hover_enabled=&raquo;off&raquo; button_border_color__hover_enabled=&raquo;off&raquo; button_one_border_color__hover_enabled=&raquo;off&raquo; button_two_border_color__hover_enabled=&raquo;off&raquo; button_border_radius__hover_enabled=&raquo;off&raquo; button_one_border_radius__hover_enabled=&raquo;off&raquo; button_two_border_radius__hover_enabled=&raquo;off&raquo; button_letter_spacing__hover_enabled=&raquo;off&raquo; button_one_letter_spacing__hover_enabled=&raquo;off&raquo; button_two_letter_spacing__hover_enabled=&raquo;off&raquo; button_bg_color__hover_enabled=&raquo;off&raquo; button_one_bg_color__hover_enabled=&raquo;off&raquo; button_two_bg_color__hover_enabled=&raquo;off&raquo; theme_builder_area=&raquo;post_content&raquo;][\/et_pb_contact_field][\/et_pb_contact_form][\/et_pb_column_inner][\/et_pb_row_inner][\/et_pb_column][\/et_pb_section]\n","protected":false},"excerpt":{"rendered":"<p>MLx Spesielt designet for \u00e5 ivareta kompleksiteten i mikrobiologiske sykehuslaboratorier med bakteriologi, serologi og virologi.Et moderne laboratoriesystemDette er MLxMiclis\/PC MLx laboratoriesystem er et moderne laboratoriesystem for medisinske laboratorier. Det er spesielt designet for \u00e5 ivareta kompleksiteten i mikrobiologiske sykehuslaboratorier med bakteriologi, serologi og virologi, men kan ogs\u00e5 brukes til biokjemi. MLx versjon 5.x bygger p\u00e5 [&hellip;]<\/p>\n","protected":false},"author":2,"featured_media":0,"parent":0,"menu_order":0,"comment_status":"closed","ping_status":"closed","template":"","meta":{"_et_pb_use_builder":"on","_et_pb_old_content":"","_et_gb_content_width":"","footnotes":""},"class_list":["post-272","page","type-page","status-publish","hentry"],"_links":{"self":[{"href":"https:\/\/www.miclis.no\/index.php?rest_route=\/wp\/v2\/pages\/272","targetHints":{"allow":["GET"]}}],"collection":[{"href":"https:\/\/www.miclis.no\/index.php?rest_route=\/wp\/v2\/pages"}],"about":[{"href":"https:\/\/www.miclis.no\/index.php?rest_route=\/wp\/v2\/types\/page"}],"author":[{"embeddable":true,"href":"https:\/\/www.miclis.no\/index.php?rest_route=\/wp\/v2\/users\/2"}],"replies":[{"embeddable":true,"href":"https:\/\/www.miclis.no\/index.php?rest_route=%2Fwp%2Fv2%2Fcomments&post=272"}],"version-history":[{"count":4,"href":"https:\/\/www.miclis.no\/index.php?rest_route=\/wp\/v2\/pages\/272\/revisions"}],"predecessor-version":[{"id":278,"href":"https:\/\/www.miclis.no\/index.php?rest_route=\/wp\/v2\/pages\/272\/revisions\/278"}],"wp:attachment":[{"href":"https:\/\/www.miclis.no\/index.php?rest_route=%2Fwp%2Fv2%2Fmedia&parent=272"}],"curies":[{"name":"wp","href":"https:\/\/api.w.org\/{rel}","templated":true}]}}