{"id":191,"date":"2022-09-15T09:38:58","date_gmt":"2022-09-15T07:38:58","guid":{"rendered":"https:\/\/www.miclis.no\/?page_id=191"},"modified":"2022-10-20T17:05:31","modified_gmt":"2022-10-20T15:05:31","slug":"191-2","status":"publish","type":"page","link":"https:\/\/www.miclis.no\/?page_id=191","title":{"rendered":"Om Miclis"},"content":{"rendered":"<p>[et_pb_section fb_built=&raquo;1&#8243; admin_label=&raquo;Hero&raquo; _builder_version=&raquo;4.16&#8243; background_color=&raquo;#084666&#8243; use_background_color_gradient=&raquo;on&raquo; background_color_gradient_direction=&raquo;170deg&raquo; background_color_gradient_stops=&raquo;#002e4f 1%|rgba(8,70,102,0.8) 100%&raquo; background_color_gradient_overlays_image=&raquo;on&raquo; background_color_gradient_start=&raquo;#002e4f&raquo; background_color_gradient_start_position=&raquo;1%&raquo; background_color_gradient_end=&raquo;rgba(8,70,102,0.8)&raquo; background_image=&raquo;https:\/\/www.miclis.no\/wp-content\/uploads\/2022\/09\/Accountant-Image-41.jpg&raquo; custom_padding=&raquo;|||&raquo; global_colors_info=&raquo;{}&raquo;][et_pb_row _builder_version=&raquo;4.16&#8243; background_size=&raquo;initial&raquo; background_position=&raquo;top_left&raquo; background_repeat=&raquo;repeat&raquo; custom_padding=&raquo;27px|0px|27px|0px|false|false&raquo; global_colors_info=&raquo;{}&raquo;][et_pb_column type=&raquo;4_4&#8243; _builder_version=&raquo;4.16&#8243; custom_padding=&raquo;|||&raquo; global_colors_info=&raquo;{}&raquo; custom_padding__hover=&raquo;|||&raquo;][et_pb_text _builder_version=&raquo;4.16&#8243; text_font=&raquo;||||||||&raquo; text_font_size=&raquo;20px&raquo; text_line_height=&raquo;1.8em&raquo; header_font=&raquo;Open Sans|800|||||||&raquo; header_font_size=&raquo;60px&raquo; header_line_height=&raquo;1.3em&raquo; background_size=&raquo;initial&raquo; background_position=&raquo;top_left&raquo; background_repeat=&raquo;repeat&raquo; background_layout=&raquo;dark&raquo; max_width=&raquo;600px&raquo; custom_margin=&raquo;|||&raquo; custom_margin_tablet=&raquo;|100px||&raquo; custom_margin_phone=&raquo;|30px||&raquo; custom_margin_last_edited=&raquo;off|desktop&raquo; header_font_size_tablet=&raquo;50px&raquo; header_font_size_phone=&raquo;40px&raquo; header_font_size_last_edited=&raquo;on|phone&raquo; header_line_height_tablet=&raquo;&raquo; header_line_height_phone=&raquo;&raquo; header_line_height_last_edited=&raquo;on|desktop&raquo; global_colors_info=&raquo;{}&raquo;]<\/p>\n<h1>Om Miclis<\/h1>\n<p>Miclis leverer skreddersydd programvare til utvalgte bransjer.<\/p>\n<p>[\/et_pb_text][\/et_pb_column][\/et_pb_row][\/et_pb_section][et_pb_section fb_built=&raquo;1&#8243; use_custom_gutter=&raquo;on&raquo; gutter_width=&raquo;1&#8243; specialty=&raquo;on&raquo; padding_top_1=&raquo;0px&raquo; padding_left_2=&raquo;30px&raquo; padding_2_tablet=&raquo;|||0px&raquo; padding_2_phone=&raquo;&raquo; padding_2_last_edited=&raquo;on|tablet&raquo; admin_label=&raquo;Popular Resources&raquo; module_class=&raquo; et_pb_specialty_fullwidth&raquo; _builder_version=&raquo;4.16&#8243; inner_width=&raquo;100%&raquo; inner_width_tablet=&raquo;100%&raquo; inner_width_phone=&raquo;100%&raquo; inner_width_last_edited=&raquo;on|desktop&raquo; inner_max_width=&raquo;100%&raquo; inner_max_width_tablet=&raquo;100%&raquo; inner_max_width_phone=&raquo;100%&raquo; inner_max_width_last_edited=&raquo;on|desktop&raquo; custom_padding=&raquo;30px|||&raquo; make_fullwidth=&raquo;on&raquo; global_colors_info=&raquo;{}&raquo;][et_pb_column type=&raquo;1_2&#8243; _builder_version=&raquo;4.16&#8243; custom_padding=&raquo;|||&raquo; global_colors_info=&raquo;{}&raquo; custom_padding__hover=&raquo;|||&raquo;][et_pb_text _builder_version=&raquo;4.18.0&#8243; text_font=&raquo;||||||||&raquo; text_font_size=&raquo;16px&raquo; text_line_height=&raquo;2em&raquo; header_font=&raquo;||||||||&raquo; header_3_font=&raquo;Open Sans|700|||||||&raquo; header_3_line_height=&raquo;1.6em&raquo; background_color=&raquo;#11d498&#8243; background_layout=&raquo;dark&raquo; max_width=&raquo;70%&raquo; max_width_tablet=&raquo;&raquo; max_width_phone=&raquo;&raquo; max_width_last_edited=&raquo;on|tablet&raquo; module_alignment=&raquo;right&raquo; custom_margin=&raquo;30px|||&raquo; custom_padding=&raquo;30px|30px|30px|30px|true|true&raquo; animation_style=&raquo;slide&raquo; animation_direction=&raquo;left&raquo; animation_delay=&raquo;400ms&raquo; animation_intensity_slide=&raquo;10%&raquo; locked=&raquo;off&raquo; global_colors_info=&raquo;{}&raquo;]<\/p>\n<h3>Miclis AS<\/h3>\n<p><span>Miclis ble etablert i 1985 av Einar Tvete, med fokus p\u00e5 utvikling og vedlikehold av programvare for laboratorier.<\/span><\/p>\n<p><span>I takt med at behovet til sluttbrukeren har forandret seg, har ogs\u00e5 Miclis utviklet seg.<\/span><\/p>\n<p>Vi leverer fortsatt programvare til nettopp laboratorier og tilst\u00f8tende bransjer.<\/p>\n<p>Behovene og metodene er i stadig utvikling, og v\u00e5rt l\u00f8fte til brukerne er av vi utvikler oss og vedlikeholder l\u00f8sningene i tr\u00e5d med deres \u00f8nsker og behov.<\/p>\n<p>[\/et_pb_text][et_pb_text _builder_version=&raquo;4.18.0&#8243; text_font=&raquo;||||||||&raquo; text_font_size=&raquo;16px&raquo; text_line_height=&raquo;2em&raquo; header_font=&raquo;||||||||&raquo; header_3_font=&raquo;Open Sans|700|||||||&raquo; header_3_line_height=&raquo;1.6em&raquo; background_color=&raquo;#11d498&#8243; background_layout=&raquo;dark&raquo; max_width=&raquo;70%&raquo; max_width_tablet=&raquo;&raquo; max_width_phone=&raquo;&raquo; max_width_last_edited=&raquo;on|tablet&raquo; module_alignment=&raquo;right&raquo; custom_margin=&raquo;30px|||&raquo; custom_padding=&raquo;30px|30px|30px|30px|true|true&raquo; animation_style=&raquo;slide&raquo; animation_direction=&raquo;left&raquo; animation_delay=&raquo;400ms&raquo; animation_intensity_slide=&raquo;10%&raquo; locked=&raquo;off&raquo; global_colors_info=&raquo;{}&raquo;]<\/p>\n<h3>Einar Tvete<\/h3>\n<p>Einar Tvete var motoren bak etableringen av Miclis AS i 1985. Sammen med andre dyktige systemutviklere, som Eirik Holten med flere, tok etableringen av Miclis sted f\u00f8rste november i 1985.<\/p>\n<p>P\u00e5 bildet, kan du se Einar Tvete i lokalavisen p\u00e5 Lillehammer i 1991. Det var da <em>streameren<\/em>, som gjorde sikkerhetskopiering enklere, som var den store nyheten.<\/p>\n<p>Miclis leverte da l\u00f8sninger n\u00e6ringsmiddeltilsynet i omtrent 300 av landets kommuner.<\/p>\n<p>Einar har i dag g\u00e5tt av med pensjon, men arven hans lever videre snart f\u00f8rti \u00e5r senere.<\/p>\n<p>[\/et_pb_text][\/et_pb_column][et_pb_column type=&raquo;1_2&#8243; specialty_columns=&raquo;2&#8243; _builder_version=&raquo;4.16&#8243; custom_padding=&raquo;|||&raquo; global_colors_info=&raquo;{}&raquo; padding_tablet=&raquo;|||0px&raquo; padding_last_edited=&raquo;on|tablet&raquo; custom_padding__hover=&raquo;|||&raquo; padding_phone=&raquo;|||0px&raquo;][et_pb_row_inner use_custom_gutter=&raquo;on&raquo; _builder_version=&raquo;4.16&#8243; background_color=&raquo;#4e7c97&#8243; background_image=&raquo;https:\/\/www.miclis.no\/wp-content\/uploads\/2022\/09\/Accountant-Image-38.png&raquo; custom_margin=&raquo;||30px|&raquo; custom_padding=&raquo;80px|10%|80px|10%|true|true&raquo; animation_style=&raquo;slide&raquo; animation_direction=&raquo;right&raquo; animation_delay=&raquo;200ms&raquo; animation_intensity_slide=&raquo;10%&raquo; global_colors_info=&raquo;{}&raquo;][et_pb_column_inner saved_specialty_column_type=&raquo;1_2&#8243; _builder_version=&raquo;4.16&#8243; custom_padding=&raquo;|||&raquo; global_colors_info=&raquo;{}&raquo; custom_padding__hover=&raquo;|||&raquo;][et_pb_image src=&raquo;https:\/\/www.miclis.no\/wp-content\/uploads\/2022\/09\/Avisutklipp_2.jpeg&raquo; title_text=&raquo;Einar Tvete 1991&#8243; _builder_version=&raquo;4.18.0&#8243; _module_preset=&raquo;default&raquo; global_colors_info=&raquo;{}&raquo;][\/et_pb_image][\/et_pb_column_inner][\/et_pb_row_inner][\/et_pb_column][\/et_pb_section][et_pb_section fb_built=&raquo;1&#8243; use_custom_gutter=&raquo;on&raquo; gutter_width=&raquo;1&#8243; specialty=&raquo;on&raquo; background_color_1=&raquo;#4e7c97&#8243; bg_img_1=&raquo;https:\/\/www.miclis.no\/wp-content\/uploads\/2022\/09\/Accountant-Image-39.png&raquo; use_background_color_gradient_1=&raquo;off&raquo; background_color_gradient_stops_1=&raquo;#f6f8fa 0%|#00324e 70%&raquo; background_color_gradient_start_1=&raquo;#f6f8fa&raquo; background_color_gradient_end_1=&raquo;#00324e&raquo; background_color_gradient_end_position_1=&raquo;70%&raquo; padding_top_1=&raquo;80px&raquo; padding_right_1=&raquo;6%&raquo; padding_bottom_1=&raquo;80px&raquo; padding_left_1=&raquo;6%&raquo; padding_left_2=&raquo;30px&raquo; padding_top_bottom_link_1=&raquo;true&raquo; padding_left_right_link_1=&raquo;true&raquo; padding_2_tablet=&raquo;|||0px&raquo; padding_2_phone=&raquo;&raquo; padding_2_last_edited=&raquo;on|desktop&raquo; admin_label=&raquo;Contact&raquo; module_class=&raquo; et_pb_specialty_fullwidth&raquo; _builder_version=&raquo;4.16&#8243; background_color=&raquo;#f6f8fa&raquo; inner_width=&raquo;100%&raquo; inner_width_tablet=&raquo;100%&raquo; inner_width_phone=&raquo;100%&raquo; inner_width_last_edited=&raquo;on|desktop&raquo; inner_max_width=&raquo;100%&raquo; inner_max_width_tablet=&raquo;100%&raquo; inner_max_width_phone=&raquo;100%&raquo; inner_max_width_last_edited=&raquo;on|desktop&raquo; custom_margin=&raquo;|||&raquo; custom_padding=&raquo;0|0px|0|0px|false|false&raquo; make_fullwidth=&raquo;on&raquo; locked=&raquo;off&raquo; global_colors_info=&raquo;{}&raquo;][et_pb_column type=&raquo;1_2&#8243; _builder_version=&raquo;4.16&#8243; background_color=&raquo;#4e7c97&#8243; background_color_gradient_start=&raquo;#f6f8fa&raquo; background_color_gradient_end=&raquo;#00324e&raquo; background_color_gradient_end_position=&raquo;70%&raquo; custom_padding=&raquo;|||&raquo; global_colors_info=&raquo;{}&raquo; custom_padding__hover=&raquo;|||&raquo;][et_pb_text _builder_version=&raquo;4.16&#8243; text_font=&raquo;||||||||&raquo; text_font_size=&raquo;16px&raquo; text_line_height=&raquo;2em&raquo; quote_font=&raquo;||||||||&raquo; header_font=&raquo;||||||||&raquo; header_2_font=&raquo;Montserrat|800|||||||&raquo; header_2_font_size=&raquo;30px&raquo; header_2_line_height=&raquo;1.5em&raquo; header_3_font=&raquo;||||||||&raquo; header_4_font=&raquo;||||||||&raquo; background_layout=&raquo;dark&raquo; custom_margin=&raquo;||50px|&raquo; custom_padding=&raquo;|||&raquo; custom_padding_tablet=&raquo;|||&raquo; custom_padding_last_edited=&raquo;off|desktop&raquo; header_2_font_size_tablet=&raquo;30px&raquo; header_2_font_size_phone=&raquo;20px&raquo; header_2_font_size_last_edited=&raquo;on|phone&raquo; border_radii=&raquo;||10px|10px|&raquo; locked=&raquo;off&raquo; global_colors_info=&raquo;{}&raquo;]<\/p>\n<h2>Kontakt oss<\/h2>\n<p>Ta kontakt om du trenger hjelp!<\/p>\n<p>[\/et_pb_text][et_pb_blurb title=&raquo;miclis@miclis.no&raquo; use_icon=&raquo;on&raquo; font_icon=&raquo;&#xe076;||divi||400&#8243; icon_color=&raquo;#ffffff&raquo; icon_placement=&raquo;left&raquo; image_icon_width=&raquo;20px&raquo; content_max_width=&raquo;1100px&raquo; _builder_version=&raquo;4.18.0&#8243; header_font=&raquo;Montserrat|500|||||||&raquo; header_font_size=&raquo;16px&raquo; header_line_height=&raquo;1.5em&raquo; body_font=&raquo;||||||||&raquo; body_font_size=&raquo;16px&raquo; body_line_height=&raquo;2em&raquo; background_layout=&raquo;dark&raquo; custom_margin=&raquo;||20px|&raquo; custom_margin_tablet=&raquo;|||&raquo; custom_margin_phone=&raquo;|||0px&raquo; custom_margin_last_edited=&raquo;off|desktop&raquo; animation=&raquo;off&raquo; icon_font_size=&raquo;20px&raquo; locked=&raquo;off&raquo; global_colors_info=&raquo;{}&raquo;][\/et_pb_blurb][et_pb_blurb title=&raquo;(0047) 416 33 734&#8243; use_icon=&raquo;on&raquo; font_icon=&raquo;&#xe090;||divi||400&#8243; icon_color=&raquo;#ffffff&raquo; icon_placement=&raquo;left&raquo; image_icon_width=&raquo;20px&raquo; content_max_width=&raquo;1100px&raquo; _builder_version=&raquo;4.18.0&#8243; header_font=&raquo;Montserrat|500|||||||&raquo; header_font_size=&raquo;16px&raquo; header_line_height=&raquo;1.5em&raquo; body_font=&raquo;||||||||&raquo; body_font_size=&raquo;16px&raquo; body_line_height=&raquo;2em&raquo; background_layout=&raquo;dark&raquo; custom_margin=&raquo;||20px|&raquo; custom_margin_tablet=&raquo;|||&raquo; custom_margin_phone=&raquo;|||0px&raquo; custom_margin_last_edited=&raquo;off|desktop&raquo; animation=&raquo;off&raquo; icon_font_size=&raquo;20px&raquo; locked=&raquo;off&raquo; global_colors_info=&raquo;{}&raquo;][\/et_pb_blurb][et_pb_blurb title=&raquo;Bj\u00f8rnstjerne Bj\u00f8rnsonsgate 4, 2609 LILLEHAMMER&raquo; use_icon=&raquo;on&raquo; font_icon=&raquo;&#xe081;||divi||400&#8243; icon_color=&raquo;#ffffff&raquo; icon_placement=&raquo;left&raquo; image_icon_width=&raquo;20px&raquo; content_max_width=&raquo;1100px&raquo; _builder_version=&raquo;4.18.0&#8243; header_font=&raquo;Montserrat|500|||||||&raquo; header_font_size=&raquo;16px&raquo; header_line_height=&raquo;1.5em&raquo; body_font=&raquo;||||||||&raquo; body_font_size=&raquo;16px&raquo; body_line_height=&raquo;2em&raquo; background_layout=&raquo;dark&raquo; custom_margin=&raquo;||20px|&raquo; custom_margin_tablet=&raquo;|||&raquo; custom_margin_phone=&raquo;|||0px&raquo; custom_margin_last_edited=&raquo;off|desktop&raquo; animation=&raquo;off&raquo; icon_font_size=&raquo;20px&raquo; locked=&raquo;off&raquo; global_colors_info=&raquo;{}&raquo;][\/et_pb_blurb][et_pb_blurb title=&raquo;V\u00e5rkontortid er mandag til fredag 09:00 til 16:30&#8243; use_icon=&raquo;on&raquo; font_icon=&raquo;&#xe06b;||divi||400&#8243; icon_color=&raquo;#ffffff&raquo; icon_placement=&raquo;left&raquo; image_icon_width=&raquo;20px&raquo; content_max_width=&raquo;1100px&raquo; _builder_version=&raquo;4.18.0&#8243; header_font=&raquo;Montserrat|500|||||||&raquo; header_font_size=&raquo;16px&raquo; header_line_height=&raquo;1.5em&raquo; body_font=&raquo;||||||||&raquo; body_font_size=&raquo;16px&raquo; body_line_height=&raquo;2em&raquo; background_layout=&raquo;dark&raquo; custom_margin=&raquo;||20px|&raquo; custom_margin_tablet=&raquo;|||&raquo; custom_margin_phone=&raquo;|||0px&raquo; custom_margin_last_edited=&raquo;off|desktop&raquo; animation=&raquo;off&raquo; icon_font_size=&raquo;20px&raquo; locked=&raquo;off&raquo; global_colors_info=&raquo;{}&raquo;][\/et_pb_blurb][\/et_pb_column][et_pb_column type=&raquo;1_2&#8243; specialty_columns=&raquo;2&#8243; _builder_version=&raquo;4.16&#8243; custom_padding=&raquo;|||&raquo; global_colors_info=&raquo;{}&raquo; padding_tablet=&raquo;|||0px&raquo; padding_last_edited=&raquo;on|desktop&raquo; custom_padding__hover=&raquo;|||&raquo; padding_phone=&raquo;|||0px&raquo;][et_pb_row_inner use_custom_gutter=&raquo;on&raquo; _builder_version=&raquo;4.16&#8243; background_color=&raquo;#084666&#8243; background_blend=&raquo;multiply&raquo; custom_margin=&raquo;-60px|||&raquo; custom_margin_tablet=&raquo;0px|||&raquo; custom_margin_phone=&raquo;&raquo; custom_margin_last_edited=&raquo;on|tablet&raquo; custom_padding=&raquo;80px|10%|80px|10%|true|true&raquo; global_colors_info=&raquo;{}&raquo;][et_pb_column_inner saved_specialty_column_type=&raquo;1_2&#8243; _builder_version=&raquo;4.16&#8243; custom_padding=&raquo;|||&raquo; global_colors_info=&raquo;{}&raquo; custom_padding__hover=&raquo;|||&raquo;][et_pb_contact_form captcha=&raquo;off&raquo; module_id=&raquo;et_pb_contact_form_0&#8243; _builder_version=&raquo;4.18.0&#8243; custom_margin_tablet=&raquo;|||0px&raquo; custom_margin_phone=&raquo;|||0px&raquo; custom_margin_last_edited=&raquo;off|desktop&raquo; custom_padding_tablet=&raquo;|40px||&raquo; custom_padding_phone=&raquo;|40px||&raquo; custom_padding_last_edited=&raquo;off|desktop&raquo; hover_enabled=&raquo;0&#8243; form_background_color=&raquo;rgba(0,0,0,0)&raquo; locked=&raquo;off&raquo; global_colors_info=&raquo;{}&raquo; email=&raquo;miclis@miclis.no&raquo; custom_message=&raquo;Navn: %%Name%%||et_pb_line_break_holder||Epost: %%Email%%||et_pb_line_break_holder||Selskap: %%Company%%||et_pb_line_break_holder||Emne: %%Subject%%||et_pb_line_break_holder||Melding: %%Message%%&raquo; sticky_enabled=&raquo;0&#8243;][et_pb_contact_field field_id=&raquo;Name&raquo; field_title=&raquo;Navn&raquo; _builder_version=&raquo;4.18.0&#8243; custom_margin=&raquo;||30px|&raquo; custom_padding=&raquo;|||&raquo; global_colors_info=&raquo;{}&raquo; button_text_size__hover_enabled=&raquo;off&raquo; button_one_text_size__hover_enabled=&raquo;off&raquo; button_two_text_size__hover_enabled=&raquo;off&raquo; button_text_color__hover_enabled=&raquo;off&raquo; button_one_text_color__hover_enabled=&raquo;off&raquo; button_two_text_color__hover_enabled=&raquo;off&raquo; button_border_width__hover_enabled=&raquo;off&raquo; button_one_border_width__hover_enabled=&raquo;off&raquo; button_two_border_width__hover_enabled=&raquo;off&raquo; button_border_color__hover_enabled=&raquo;off&raquo; button_one_border_color__hover_enabled=&raquo;off&raquo; button_two_border_color__hover_enabled=&raquo;off&raquo; button_border_radius__hover_enabled=&raquo;off&raquo; button_one_border_radius__hover_enabled=&raquo;off&raquo; button_two_border_radius__hover_enabled=&raquo;off&raquo; button_letter_spacing__hover_enabled=&raquo;off&raquo; button_one_letter_spacing__hover_enabled=&raquo;off&raquo; button_two_letter_spacing__hover_enabled=&raquo;off&raquo; button_bg_color__hover_enabled=&raquo;off&raquo; button_one_bg_color__hover_enabled=&raquo;off&raquo; button_two_bg_color__hover_enabled=&raquo;off&raquo;][\/et_pb_contact_field][et_pb_contact_field field_id=&raquo;Email&raquo; field_title=&raquo;Emailadresse&raquo; field_type=&raquo;email&raquo; _builder_version=&raquo;4.18.0&#8243; custom_margin=&raquo;||30px|&raquo; custom_padding=&raquo;|||&raquo; global_colors_info=&raquo;{}&raquo; button_text_size__hover_enabled=&raquo;off&raquo; button_one_text_size__hover_enabled=&raquo;off&raquo; button_two_text_size__hover_enabled=&raquo;off&raquo; button_text_color__hover_enabled=&raquo;off&raquo; button_one_text_color__hover_enabled=&raquo;off&raquo; button_two_text_color__hover_enabled=&raquo;off&raquo; button_border_width__hover_enabled=&raquo;off&raquo; button_one_border_width__hover_enabled=&raquo;off&raquo; button_two_border_width__hover_enabled=&raquo;off&raquo; button_border_color__hover_enabled=&raquo;off&raquo; button_one_border_color__hover_enabled=&raquo;off&raquo; button_two_border_color__hover_enabled=&raquo;off&raquo; button_border_radius__hover_enabled=&raquo;off&raquo; button_one_border_radius__hover_enabled=&raquo;off&raquo; button_two_border_radius__hover_enabled=&raquo;off&raquo; button_letter_spacing__hover_enabled=&raquo;off&raquo; button_one_letter_spacing__hover_enabled=&raquo;off&raquo; button_two_letter_spacing__hover_enabled=&raquo;off&raquo; button_bg_color__hover_enabled=&raquo;off&raquo; button_one_bg_color__hover_enabled=&raquo;off&raquo; button_two_bg_color__hover_enabled=&raquo;off&raquo;][\/et_pb_contact_field][et_pb_contact_field field_id=&raquo;Company&raquo; field_title=&raquo;Selskap&raquo; fullwidth_field=&raquo;on&raquo; _builder_version=&raquo;4.18.0&#8243; custom_margin=&raquo;||30px|&raquo; custom_padding=&raquo;|||&raquo; global_colors_info=&raquo;{}&raquo; button_text_size__hover_enabled=&raquo;off&raquo; button_one_text_size__hover_enabled=&raquo;off&raquo; button_two_text_size__hover_enabled=&raquo;off&raquo; button_text_color__hover_enabled=&raquo;off&raquo; button_one_text_color__hover_enabled=&raquo;off&raquo; button_two_text_color__hover_enabled=&raquo;off&raquo; button_border_width__hover_enabled=&raquo;off&raquo; button_one_border_width__hover_enabled=&raquo;off&raquo; button_two_border_width__hover_enabled=&raquo;off&raquo; button_border_color__hover_enabled=&raquo;off&raquo; button_one_border_color__hover_enabled=&raquo;off&raquo; button_two_border_color__hover_enabled=&raquo;off&raquo; button_border_radius__hover_enabled=&raquo;off&raquo; button_one_border_radius__hover_enabled=&raquo;off&raquo; button_two_border_radius__hover_enabled=&raquo;off&raquo; button_letter_spacing__hover_enabled=&raquo;off&raquo; button_one_letter_spacing__hover_enabled=&raquo;off&raquo; button_two_letter_spacing__hover_enabled=&raquo;off&raquo; button_bg_color__hover_enabled=&raquo;off&raquo; button_one_bg_color__hover_enabled=&raquo;off&raquo; button_two_bg_color__hover_enabled=&raquo;off&raquo;][\/et_pb_contact_field][et_pb_contact_field field_id=&raquo;Subject&raquo; field_title=&raquo;Emne&raquo; fullwidth_field=&raquo;on&raquo; _builder_version=&raquo;4.18.0&#8243; custom_margin=&raquo;||30px|&raquo; custom_padding=&raquo;|||&raquo; global_colors_info=&raquo;{}&raquo; button_text_size__hover_enabled=&raquo;off&raquo; button_one_text_size__hover_enabled=&raquo;off&raquo; button_two_text_size__hover_enabled=&raquo;off&raquo; button_text_color__hover_enabled=&raquo;off&raquo; button_one_text_color__hover_enabled=&raquo;off&raquo; button_two_text_color__hover_enabled=&raquo;off&raquo; button_border_width__hover_enabled=&raquo;off&raquo; button_one_border_width__hover_enabled=&raquo;off&raquo; button_two_border_width__hover_enabled=&raquo;off&raquo; button_border_color__hover_enabled=&raquo;off&raquo; button_one_border_color__hover_enabled=&raquo;off&raquo; button_two_border_color__hover_enabled=&raquo;off&raquo; button_border_radius__hover_enabled=&raquo;off&raquo; button_one_border_radius__hover_enabled=&raquo;off&raquo; button_two_border_radius__hover_enabled=&raquo;off&raquo; button_letter_spacing__hover_enabled=&raquo;off&raquo; button_one_letter_spacing__hover_enabled=&raquo;off&raquo; button_two_letter_spacing__hover_enabled=&raquo;off&raquo; button_bg_color__hover_enabled=&raquo;off&raquo; button_one_bg_color__hover_enabled=&raquo;off&raquo; button_two_bg_color__hover_enabled=&raquo;off&raquo;][\/et_pb_contact_field][et_pb_contact_field field_id=&raquo;Message&raquo; field_title=&raquo;Melding&raquo; field_type=&raquo;text&raquo; fullwidth_field=&raquo;on&raquo; _builder_version=&raquo;4.18.0&#8243; custom_margin=&raquo;||30px|&raquo; global_colors_info=&raquo;{}&raquo; button_text_size__hover_enabled=&raquo;off&raquo; button_one_text_size__hover_enabled=&raquo;off&raquo; button_two_text_size__hover_enabled=&raquo;off&raquo; button_text_color__hover_enabled=&raquo;off&raquo; button_one_text_color__hover_enabled=&raquo;off&raquo; button_two_text_color__hover_enabled=&raquo;off&raquo; button_border_width__hover_enabled=&raquo;off&raquo; button_one_border_width__hover_enabled=&raquo;off&raquo; button_two_border_width__hover_enabled=&raquo;off&raquo; button_border_color__hover_enabled=&raquo;off&raquo; button_one_border_color__hover_enabled=&raquo;off&raquo; button_two_border_color__hover_enabled=&raquo;off&raquo; button_border_radius__hover_enabled=&raquo;off&raquo; button_one_border_radius__hover_enabled=&raquo;off&raquo; button_two_border_radius__hover_enabled=&raquo;off&raquo; button_letter_spacing__hover_enabled=&raquo;off&raquo; button_one_letter_spacing__hover_enabled=&raquo;off&raquo; button_two_letter_spacing__hover_enabled=&raquo;off&raquo; button_bg_color__hover_enabled=&raquo;off&raquo; button_one_bg_color__hover_enabled=&raquo;off&raquo; button_two_bg_color__hover_enabled=&raquo;off&raquo;][\/et_pb_contact_field][\/et_pb_contact_form][\/et_pb_column_inner][\/et_pb_row_inner][\/et_pb_column][\/et_pb_section]<\/p>\n","protected":false},"excerpt":{"rendered":"<p>Om Miclis Miclis leverer skreddersydd programvare til utvalgte bransjer.Miclis AS Miclis ble etablert i 1985 av Einar Tvete, med fokus p\u00e5 utvikling og vedlikehold av programvare for laboratorier. I takt med at behovet til sluttbrukeren har forandret seg, har ogs\u00e5 Miclis utviklet seg. Vi leverer fortsatt programvare til nettopp laboratorier og tilst\u00f8tende bransjer. Behovene og [&hellip;]<\/p>\n","protected":false},"author":2,"featured_media":0,"parent":0,"menu_order":0,"comment_status":"closed","ping_status":"closed","template":"","meta":{"_et_pb_use_builder":"on","_et_pb_old_content":"","_et_gb_content_width":"","footnotes":""},"class_list":["post-191","page","type-page","status-publish","hentry"],"_links":{"self":[{"href":"https:\/\/www.miclis.no\/index.php?rest_route=\/wp\/v2\/pages\/191","targetHints":{"allow":["GET"]}}],"collection":[{"href":"https:\/\/www.miclis.no\/index.php?rest_route=\/wp\/v2\/pages"}],"about":[{"href":"https:\/\/www.miclis.no\/index.php?rest_route=\/wp\/v2\/types\/page"}],"author":[{"embeddable":true,"href":"https:\/\/www.miclis.no\/index.php?rest_route=\/wp\/v2\/users\/2"}],"replies":[{"embeddable":true,"href":"https:\/\/www.miclis.no\/index.php?rest_route=%2Fwp%2Fv2%2Fcomments&post=191"}],"version-history":[{"count":22,"href":"https:\/\/www.miclis.no\/index.php?rest_route=\/wp\/v2\/pages\/191\/revisions"}],"predecessor-version":[{"id":327,"href":"https:\/\/www.miclis.no\/index.php?rest_route=\/wp\/v2\/pages\/191\/revisions\/327"}],"wp:attachment":[{"href":"https:\/\/www.miclis.no\/index.php?rest_route=%2Fwp%2Fv2%2Fmedia&parent=191"}],"curies":[{"name":"wp","href":"https:\/\/api.w.org\/{rel}","templated":true}]}}